{"id":10,"date":"2023-07-26T13:45:07","date_gmt":"2023-07-26T08:45:07","guid":{"rendered":"http:\/\/krminwater.uz\/?page_id=10"},"modified":"2026-02-02T10:40:24","modified_gmt":"2026-02-02T05:40:24","slug":"rukovodstvo","status":"publish","type":"page","link":"https:\/\/krminwater.uz\/qq\/rukovodstvo\/","title":{"rendered":"Administraciya"},"content":{"rendered":"<p><\/p>\n<p>&nbsp;<\/p>\n<table class=\"table table-bordered\" style=\"border-collapse: collapse; width: 98.6971%; height: 57px;\">\n<tbody>\n<tr style=\"height: 53px;\">\n<td style=\"height: 57px; width: 12.6618%;\" rowspan=\"4\"><img loading=\"lazy\" decoding=\"async\" class=\"alignnone wp-image-3686 size-medium\" src=\"https:\/\/krminwater.uz\/wp-content\/uploads\/2025\/03\/222-scaled-e1742208217738-213x300.jpg\" alt=\"\" width=\"213\" height=\"300\" srcset=\"https:\/\/krminwater.uz\/wp-content\/uploads\/2025\/03\/222-scaled-e1742208217738-213x300.jpg 213w, https:\/\/krminwater.uz\/wp-content\/uploads\/2025\/03\/222-scaled-e1742208217738-728x1024.jpg 728w, https:\/\/krminwater.uz\/wp-content\/uploads\/2025\/03\/222-scaled-e1742208217738-768x1080.jpg 768w, https:\/\/krminwater.uz\/wp-content\/uploads\/2025\/03\/222-scaled-e1742208217738-1092x1536.jpg 1092w, https:\/\/krminwater.uz\/wp-content\/uploads\/2025\/03\/222-scaled-e1742208217738.jpg 1438w\" sizes=\"auto, (max-width: 213px) 100vw, 213px\" \/><\/td>\n<td style=\"height: 27px; width: 78.9069%;\"><span style=\"font-family: 'times new roman', times, serif; font-size: 12pt;\"><strong>Qaraqalpaqstan Respublikas\u0131 suw xojal\u0131\u01f5\u0131 ministri\u00a0<\/strong><\/span><\/td>\n<\/tr>\n<tr style=\"height: 10px;\">\n<td style=\"height: 10px; width: 78.9069%;\">\n<p class=\"leading-8 font-normal\" data-pm-slice=\"1 1 []\"><strong>Yusupov Baxtiyar Abdullaevich<\/strong><\/p>\n<p><a href=\"https:\/\/krminwater.uz\/qaraqalpaqsha-yu\u2026yar-abdullaevich\/\"><strong>q\u0131sqasha biografiyas\u0131<\/strong><\/a><\/p>\n<\/td>\n<\/tr>\n<tr style=\"height: 10px;\">\n<td style=\"width: 78.9069%; height: 10px;\">\n<p><span style=\"font-family: 'times new roman', times, serif; font-size: 12pt;\"><strong>Telefon: +998 (61) 222-31-41, (61) 222-30-42<br \/>\n<\/strong><\/span><\/p>\n<p><span style=\"font-size: 12pt; font-family: 'times new roman', times, serif;\"><strong>Elektron pochta: qqr@minwater.uz<\/strong><\/span><\/p>\n<\/td>\n<\/tr>\n<tr style=\"height: 10px;\">\n<td style=\"width: 78.9069%; height: 10px;\"><span style=\"font-family: 'times new roman', times, serif; font-size: 12pt;\"><strong>Qab\u0131llaw k\u00fanleri: D\u00fayshembi, piyshembi, saat 9:00 &#8211; 12:00<\/strong><\/span><\/td>\n<\/tr>\n<\/tbody>\n<\/table>\n<p>&nbsp;<\/p>\n<table class=\"table table-bordered\" style=\"width: 99.1634%; height: 40px;\">\n<tbody>\n<tr style=\"height: 42px;\">\n<td style=\"height: 40px; width: 14.4584%;\" rowspan=\"4\"><span style=\"font-family: 'times new roman', times, serif; font-size: 12pt;\"><img loading=\"lazy\" decoding=\"async\" class=\"alignnone  wp-image-2584\" src=\"https:\/\/krminwater.uz\/wp-content\/uploads\/2023\/10\/photo_2023-10-31_15-39-39.jpg\" alt=\"\" width=\"165\" height=\"220\" srcset=\"https:\/\/krminwater.uz\/wp-content\/uploads\/2023\/10\/photo_2023-10-31_15-39-39.jpg 900w, https:\/\/krminwater.uz\/wp-content\/uploads\/2023\/10\/photo_2023-10-31_15-39-39-225x300.jpg 225w, https:\/\/krminwater.uz\/wp-content\/uploads\/2023\/10\/photo_2023-10-31_15-39-39-768x1024.jpg 768w\" sizes=\"auto, (max-width: 165px) 100vw, 165px\" \/><\/span><\/td>\n<td style=\"width: 88.9655%; height: 10px;\"><span style=\"font-family: 'times new roman', times, serif; font-size: 12pt;\"><strong>Qaraqalpaqstan Respublikas\u0131 suw xojal\u0131\u01f5\u0131 ministrini\u0144 birinshi or\u0131nbasar\u0131<br \/>\n<\/strong><\/span><\/td>\n<\/tr>\n<tr style=\"height: 37px;\">\n<td style=\"width: 88.9655%; height: 10px;\">\n<h3><strong><span style=\"font-size: 12pt;\">Aybek Urazimbetov Bauadinovich<\/span><\/strong><\/h3>\n<p class=\"leading-8\"><strong>q\u0131sqasha biografiyas\u0131<\/strong><\/p>\n<\/td>\n<\/tr>\n<tr style=\"height: 10px;\">\n<td style=\"width: 88.9655%; height: 10px;\">\n<p><span style=\"font-size: 12pt; font-family: 'times new roman', times, serif;\"><strong>Telefon: +998 (61) 222-73-41<br \/>\n<\/strong><\/span><\/p>\n<p><span style=\"font-size: 12pt; font-family: 'times new roman', times, serif;\"><strong>Elektron pochta: qqr@minwater.uz<\/strong><\/span><\/p>\n<\/td>\n<\/tr>\n<tr style=\"height: 10px;\">\n<td style=\"width: 88.9655%; height: 10px;\"><span style=\"font-family: 'times new roman', times, serif; font-size: 12pt;\"><strong>Qab\u0131llaw k\u00fanleri: D\u00fayshembi, piyshembi, saat 9:00 &#8211; 12:00<\/strong><\/span><\/td>\n<\/tr>\n<\/tbody>\n<\/table>\n<p>&nbsp;<\/p>\n<table class=\"table table-bordered\" style=\"width: 99.4053%; height: 79px;\">\n<tbody>\n<tr style=\"height: 40px;\">\n<td style=\"width: 15.5888%; height: 79px;\" rowspan=\"4\"><span style=\"font-family: 'times new roman', times, serif; font-size: 12pt;\"><img loading=\"lazy\" decoding=\"async\" class=\"size-full wp-image-186 aligncenter\" src=\"http:\/\/krminwater.uz\/wp-content\/uploads\/2020\/10\/3.jpg\" alt=\"\" width=\"180\" height=\"260\" \/><\/span><\/td>\n<td style=\"width: 96.9793%; height: 40px;\"><span style=\"font-family: 'times new roman', times, serif; font-size: 12pt;\"><strong>Qaraqalpaqstan Respublikas\u0131 suw xojal\u0131\u01f5\u0131 ministri or\u0131nbasar\u0131<br \/>\n<\/strong><\/span><\/td>\n<\/tr>\n<tr style=\"height: 47px;\">\n<td style=\"width: 96.9793%; height: 10px;\">\n<h3><span style=\"font-size: 12pt; font-family: 'times new roman', times, serif;\"><strong>Madireymov Tajetdin Sagatdinovich<\/strong><\/span><\/h3>\n<\/td>\n<\/tr>\n<tr style=\"height: 10px;\">\n<td style=\"width: 96.9793%; height: 10px;\">\n<p><span style=\"font-family: 'times new roman', times, serif; font-size: 12pt;\"><strong>Telefon: +998 (61) 222-53-48<br \/>\n<\/strong><\/span><\/p>\n<p><span style=\"font-size: 12pt; font-family: 'times new roman', times, serif;\"><strong>Elektron pochta: qqr@minwater.uz<\/strong><\/span><\/p>\n<\/td>\n<\/tr>\n<tr style=\"height: 19px;\">\n<td style=\"width: 96.9793%; height: 19px;\"><span style=\"font-family: 'times new roman', times, serif; font-size: 12pt;\"><strong>Qab\u0131llaw k\u00fanleri: D\u00fayshembi-shembi, saat 9:00 &#8211; 17:00<\/strong><\/span><\/td>\n<\/tr>\n<\/tbody>\n<\/table>\n<p>&nbsp;<\/p>\n<p><\/p>","protected":false},"excerpt":{"rendered":"<p>&nbsp; Qaraqalpaqstan Respublikas\u0131 suw xojal\u0131\u01f5\u0131 ministri\u00a0 Yusupov Baxtiyar Abdullaevich q\u0131sqasha biografiyas\u0131 Telefon: +998 (61) 222-31-41, (61) 222-30-42 Elektron pochta: qqr@minwater.uz Qab\u0131llaw k\u00fanleri: D\u00fayshembi, piyshembi, saat 9:00 &#8211; 12:00 &nbsp; Qaraqalpaqstan Respublikas\u0131 suw xojal\u0131\u01f5\u0131 ministrini\u0144 birinshi or\u0131nbasar\u0131 Aybek Urazimbetov Bauadinovich q\u0131sqasha biografiyas\u0131 Telefon: +998 (61) 222-73-41 Elektron pochta: qqr@minwater.uz Qab\u0131llaw k\u00fanleri: D\u00fayshembi, piyshembi, saat 9:00 &#8211; 12:00 &nbsp; Qaraqalpaqstan Respublikas\u0131 suw&#8230;<\/p>\n","protected":false},"author":1,"featured_media":0,"parent":0,"menu_order":0,"comment_status":"closed","ping_status":"closed","template":"","meta":{"footnotes":""},"class_list":["post-10","page","type-page","status-publish","hentry"],"_links":{"self":[{"href":"https:\/\/krminwater.uz\/qq\/wp-json\/wp\/v2\/pages\/10","targetHints":{"allow":["GET"]}}],"collection":[{"href":"https:\/\/krminwater.uz\/qq\/wp-json\/wp\/v2\/pages"}],"about":[{"href":"https:\/\/krminwater.uz\/qq\/wp-json\/wp\/v2\/types\/page"}],"author":[{"embeddable":true,"href":"https:\/\/krminwater.uz\/qq\/wp-json\/wp\/v2\/users\/1"}],"replies":[{"embeddable":true,"href":"https:\/\/krminwater.uz\/qq\/wp-json\/wp\/v2\/comments?post=10"}],"version-history":[{"count":0,"href":"https:\/\/krminwater.uz\/qq\/wp-json\/wp\/v2\/pages\/10\/revisions"}],"wp:attachment":[{"href":"https:\/\/krminwater.uz\/qq\/wp-json\/wp\/v2\/media?parent=10"}],"curies":[{"name":"wp","href":"https:\/\/api.w.org\/{rel}","templated":true}]}}