{"id":31,"date":"2020-07-11T10:54:09","date_gmt":"2020-07-11T05:54:09","guid":{"rendered":"http:\/\/krminwater.uz\/?page_id=31"},"modified":"2020-07-30T23:10:10","modified_gmt":"2020-07-30T18:10:10","slug":"kontakty","status":"publish","type":"page","link":"https:\/\/krminwater.uz\/qq\/kontakty\/","title":{"rendered":"Baylan\u0131s"},"content":{"rendered":"<p><\/p>\n<div role=\"form\" class=\"wpcf7\" id=\"wpcf7-f5-o1\" lang=\"ru-RU\" dir=\"ltr\">\n<div class=\"screen-reader-response\"><p role=\"status\" aria-live=\"polite\" aria-atomic=\"true\"><\/p> <ul><\/ul><\/div>\n<form action=\"\/qq\/wp-json\/wp\/v2\/pages\/31#wpcf7-f5-o1\" method=\"post\" class=\"wpcf7-form init\" novalidate=\"novalidate\" data-status=\"init\">\n<div style=\"display: none;\">\n<input type=\"hidden\" name=\"_wpcf7\" value=\"5\" \/>\n<input type=\"hidden\" name=\"_wpcf7_version\" value=\"5.3.2\" \/>\n<input type=\"hidden\" name=\"_wpcf7_locale\" value=\"ru_RU\" \/>\n<input type=\"hidden\" name=\"_wpcf7_unit_tag\" value=\"wpcf7-f5-o1\" \/>\n<input type=\"hidden\" name=\"_wpcf7_container_post\" value=\"0\" \/>\n<input type=\"hidden\" name=\"_wpcf7_posted_data_hash\" value=\"\" \/>\n<\/div>\n<div class=\"form-group\">\n  <label for=\"your-name\">Familiyas\u0131, At\u0131, \u00c1kesini\u0144 at\u0131<span class=\"text-danger\">*<\/span><\/label><br \/>\n  <span class=\"wpcf7-form-control-wrap your-name\"><input type=\"text\" name=\"your-name\" value=\"\" size=\"40\" class=\"wpcf7-form-control wpcf7-text wpcf7-validates-as-required form-control\" id=\"your-name\" aria-required=\"true\" aria-invalid=\"false\" \/><\/span>\n<\/div>\n<div class=\"form-group\">\n  <label for=\"your-email\">Elektron pochta<span class=\"text-danger\">*<\/span><\/label><br \/>\n  <span class=\"wpcf7-form-control-wrap your-email\"><input type=\"email\" name=\"your-email\" value=\"\" size=\"40\" class=\"wpcf7-form-control wpcf7-text wpcf7-email wpcf7-validates-as-required wpcf7-validates-as-email form-control\" id=\"your-email\" aria-required=\"true\" aria-invalid=\"false\" \/><\/span>\n<\/div>\n<div class=\"form-group\">\n  <label for=\"your-phone\">Telefon<span class=\"text-danger\">*<\/span><\/label><br \/>\n  <span class=\"wpcf7-form-control-wrap your-phone\"><input type=\"text\" name=\"your-phone\" value=\"\" size=\"40\" class=\"wpcf7-form-control wpcf7-text wpcf7-validates-as-required form-control\" id=\"your-phone\" aria-required=\"true\" aria-invalid=\"false\" \/><\/span>\n<\/div>\n<div class=\"form-group\">\n  <label for=\"message\">Xat mazmun\u0131<span class=\"text-danger\">*<\/span><\/label><br \/>\n  <span class=\"wpcf7-form-control-wrap message\"><textarea name=\"message\" cols=\"40\" rows=\"10\" class=\"wpcf7-form-control wpcf7-textarea wpcf7-validates-as-required form-control\" id=\"message\" aria-required=\"true\" aria-invalid=\"false\"><\/textarea><\/span>\n<\/div>\n<div class=\"form-group row\">\n  <label>SPAM nan qor\u01f5al\u0131w kod\u0131<span class=\"text-danger\">*<\/span><\/label><\/p>\n<div class=\"col-md-1\"><input type=\"hidden\" name=\"_wpcf7_captcha_challenge_captcha-1\" value=\"5847032\" \/><img loading=\"lazy\" decoding=\"async\" class=\"wpcf7-form-control wpcf7-captchac wpcf7-captcha-captcha-1\" width=\"72\" height=\"24\" alt=\"captcha\" src=\"https:\/\/krminwater.uz\/wp-content\/uploads\/wpcf7_captcha\/5847032.png\" \/><\/div>\n<div class=\"col-md-3\"><span class=\"wpcf7-form-control-wrap captcha-1\"><input type=\"text\" name=\"captcha-1\" value=\"\" size=\"40\" class=\"wpcf7-form-control wpcf7-captchar form-control\" autocomplete=\"off\" aria-invalid=\"false\" \/><\/span><\/div>\n<div class=\"col-md-8\"><\/div>\n<\/div>\n<p><input type=\"submit\" value=\"Jollaw\" class=\"wpcf7-form-control wpcf7-submit btn btn-primary\" \/><\/p>\n<div class=\"wpcf7-response-output\" aria-hidden=\"true\"><\/div><\/form><\/div>\n<p><\/p>","protected":false},"excerpt":{"rendered":"","protected":false},"author":1,"featured_media":0,"parent":0,"menu_order":0,"comment_status":"closed","ping_status":"closed","template":"","meta":{"footnotes":""},"class_list":["post-31","page","type-page","status-publish","hentry"],"_links":{"self":[{"href":"https:\/\/krminwater.uz\/qq\/wp-json\/wp\/v2\/pages\/31","targetHints":{"allow":["GET"]}}],"collection":[{"href":"https:\/\/krminwater.uz\/qq\/wp-json\/wp\/v2\/pages"}],"about":[{"href":"https:\/\/krminwater.uz\/qq\/wp-json\/wp\/v2\/types\/page"}],"author":[{"embeddable":true,"href":"https:\/\/krminwater.uz\/qq\/wp-json\/wp\/v2\/users\/1"}],"replies":[{"embeddable":true,"href":"https:\/\/krminwater.uz\/qq\/wp-json\/wp\/v2\/comments?post=31"}],"version-history":[{"count":0,"href":"https:\/\/krminwater.uz\/qq\/wp-json\/wp\/v2\/pages\/31\/revisions"}],"wp:attachment":[{"href":"https:\/\/krminwater.uz\/qq\/wp-json\/wp\/v2\/media?parent=31"}],"curies":[{"name":"wp","href":"https:\/\/api.w.org\/{rel}","templated":true}]}}