{"id":65,"date":"2023-07-12T10:47:57","date_gmt":"2023-07-12T05:47:57","guid":{"rendered":"http:\/\/krminwater.uz\/?page_id=65"},"modified":"2025-03-17T18:09:46","modified_gmt":"2025-03-17T13:09:46","slug":"territorialnye-organizaczii","status":"publish","type":"page","link":"https:\/\/krminwater.uz\/qq\/territorialnye-organizaczii\/","title":{"rendered":"Aymaql\u0131q basqarmalar h\u00e1m b\u00f3limler"},"content":{"rendered":"<p class=\"qtranxs-available-languages-message qtranxs-available-languages-message-qq\">Keshiresiz, bul teskt tek <a href=\"https:\/\/krminwater.uz\/uz\/wp-json\/wp\/v2\/pages\/65\" class=\"qtranxs-available-language-link qtranxs-available-language-link-uz\" title=\"\u040e\u0437\u0431\u0435\u043a\u0447\u0430\">\u040e\u0437\u0431\u0435\u043a\u0447\u0430<\/a> tilinde bar<\/p>","protected":false},"excerpt":{"rendered":"<p>Keshiresiz, bul teskt tek \u040e\u0437\u0431\u0435\u043a\u0447\u0430 tilinde bar<\/p>\n","protected":false},"author":1,"featured_media":0,"parent":0,"menu_order":0,"comment_status":"closed","ping_status":"closed","template":"","meta":{"footnotes":""},"class_list":["post-65","page","type-page","status-publish","hentry"],"_links":{"self":[{"href":"https:\/\/krminwater.uz\/qq\/wp-json\/wp\/v2\/pages\/65","targetHints":{"allow":["GET"]}}],"collection":[{"href":"https:\/\/krminwater.uz\/qq\/wp-json\/wp\/v2\/pages"}],"about":[{"href":"https:\/\/krminwater.uz\/qq\/wp-json\/wp\/v2\/types\/page"}],"author":[{"embeddable":true,"href":"https:\/\/krminwater.uz\/qq\/wp-json\/wp\/v2\/users\/1"}],"replies":[{"embeddable":true,"href":"https:\/\/krminwater.uz\/qq\/wp-json\/wp\/v2\/comments?post=65"}],"version-history":[{"count":0,"href":"https:\/\/krminwater.uz\/qq\/wp-json\/wp\/v2\/pages\/65\/revisions"}],"wp:attachment":[{"href":"https:\/\/krminwater.uz\/qq\/wp-json\/wp\/v2\/media?parent=65"}],"curies":[{"name":"wp","href":"https:\/\/api.w.org\/{rel}","templated":true}]}}